{"id":244,"date":"2023-02-06T10:49:00","date_gmt":"2023-02-06T07:49:00","guid":{"rendered":"https:\/\/nesacompressors.com\/?post_type=product&#038;p=244"},"modified":"2023-02-06T10:49:56","modified_gmt":"2023-02-06T07:49:56","slug":"mikrokompresorler","status":"publish","type":"product","link":"https:\/\/www.nesacompressors.com\/tr\/urun\/mikrokompresorler\/","title":{"rendered":"Mikrokompres\u00f6rler"},"content":{"rendered":"<p>Ayr\u0131nt\u0131l\u0131 bilgi almak i\u00e7in bizimle ileti\u015fime ge\u00e7iniz.<\/p>","protected":false},"excerpt":{"rendered":"<p><strong>Mikrokompres\u00f6rler<\/strong><\/p>\n<p>&nbsp;<\/p>","protected":false},"featured_media":245,"comment_status":"open","ping_status":"closed","template":"","meta":[],"product_cat":[19],"product_tag":[],"class_list":["post-244","product","type-product","status-publish","has-post-thumbnail","hentry","product_cat-mikrokompresorler"],"_links":{"self":[{"href":"https:\/\/www.nesacompressors.com\/tr\/wp-json\/wp\/v2\/product\/244","targetHints":{"allow":["GET"]}}],"collection":[{"href":"https:\/\/www.nesacompressors.com\/tr\/wp-json\/wp\/v2\/product"}],"about":[{"href":"https:\/\/www.nesacompressors.com\/tr\/wp-json\/wp\/v2\/types\/product"}],"replies":[{"embeddable":true,"href":"https:\/\/www.nesacompressors.com\/tr\/wp-json\/wp\/v2\/comments?post=244"}],"wp:featuredmedia":[{"embeddable":true,"href":"https:\/\/www.nesacompressors.com\/tr\/wp-json\/wp\/v2\/media\/245"}],"wp:attachment":[{"href":"https:\/\/www.nesacompressors.com\/tr\/wp-json\/wp\/v2\/media?parent=244"}],"wp:term":[{"taxonomy":"product_cat","embeddable":true,"href":"https:\/\/www.nesacompressors.com\/tr\/wp-json\/wp\/v2\/product_cat?post=244"},{"taxonomy":"product_tag","embeddable":true,"href":"https:\/\/www.nesacompressors.com\/tr\/wp-json\/wp\/v2\/product_tag?post=244"}],"curies":[{"name":"wp","href":"https:\/\/api.w.org\/{rel}","templated":true}]}}