{"id":243,"date":"2023-02-06T10:45:47","date_gmt":"2023-02-06T07:45:47","guid":{"rendered":"https:\/\/nesacompressors.com\/?post_type=product&#038;p=243"},"modified":"2023-10-30T10:08:01","modified_gmt":"2023-10-30T07:08:01","slug":"hava-tahrikli-gaz-booster","status":"publish","type":"product","link":"https:\/\/www.nesacompressors.com\/tr\/urun\/hava-tahrikli-gaz-booster\/","title":{"rendered":"Y\u00fcksek Bas\u0131n\u00e7l\u0131 Hava Tahrikli Gaz Booster"},"content":{"rendered":"<p>Ayr\u0131nt\u0131l\u0131 bilgi almak i\u00e7in bizimle ileti\u015fime ge\u00e7iniz.<\/p>","protected":false},"excerpt":{"rendered":"<p><strong>Hava Tahrikli Gaz Booster<\/strong><\/p>\n<p>&nbsp;<\/p>","protected":false},"featured_media":346,"comment_status":"open","ping_status":"closed","template":"","meta":[],"product_cat":[18],"product_tag":[431,432,437,433,438,441,446,447,448,449,450,442,444,443,440,445,439,435,434,436],"class_list":["post-243","product","type-product","status-publish","has-post-thumbnail","hentry","product_cat-gaz-booster","product_tag-150-bar-oksijen-booster","product_tag-207-bar-oksijen-booster","product_tag-endustriyel-oksijen-kompresoru","product_tag-enerji-verimli-oksijen-booster","product_tag-medikal-oksijen-kompresoru","product_tag-oksijen-artirma-teknolojisi","product_tag-oksijen-dolum-istasyonu","product_tag-oksijen-gazi-arttirma-sistemi","product_tag-oksijen-gazi-basinclandirma","product_tag-oksijen-gazi-pompasi","product_tag-oksijen-gazi-temini","product_tag-oksijen-siseleme-kompresoru","product_tag-oksijen-sikistirma-cozumleri","product_tag-oksijen-sikistirma-ekipmani","product_tag-oksijen-takviye-kompresoru","product_tag-satilik-oksijen-kompresoru","product_tag-yagsiz-oksijen-kompresoru","product_tag-yuksek-basincli-gaz-ekipmanlari","product_tag-yuksek-basincli-gaz-kompresoru","product_tag-yuksek-basincli-oksijen-kompresoru"],"_links":{"self":[{"href":"https:\/\/www.nesacompressors.com\/tr\/wp-json\/wp\/v2\/product\/243","targetHints":{"allow":["GET"]}}],"collection":[{"href":"https:\/\/www.nesacompressors.com\/tr\/wp-json\/wp\/v2\/product"}],"about":[{"href":"https:\/\/www.nesacompressors.com\/tr\/wp-json\/wp\/v2\/types\/product"}],"replies":[{"embeddable":true,"href":"https:\/\/www.nesacompressors.com\/tr\/wp-json\/wp\/v2\/comments?post=243"}],"wp:featuredmedia":[{"embeddable":true,"href":"https:\/\/www.nesacompressors.com\/tr\/wp-json\/wp\/v2\/media\/346"}],"wp:attachment":[{"href":"https:\/\/www.nesacompressors.com\/tr\/wp-json\/wp\/v2\/media?parent=243"}],"wp:term":[{"taxonomy":"product_cat","embeddable":true,"href":"https:\/\/www.nesacompressors.com\/tr\/wp-json\/wp\/v2\/product_cat?post=243"},{"taxonomy":"product_tag","embeddable":true,"href":"https:\/\/www.nesacompressors.com\/tr\/wp-json\/wp\/v2\/product_tag?post=243"}],"curies":[{"name":"wp","href":"https:\/\/api.w.org\/{rel}","templated":true}]}}