{"id":238,"date":"2023-02-06T10:34:23","date_gmt":"2023-02-06T07:34:23","guid":{"rendered":"https:\/\/nesacompressors.com\/?post_type=product&#038;p=238"},"modified":"2023-10-30T10:09:24","modified_gmt":"2023-10-30T07:09:24","slug":"azot-booster-kompresor","status":"publish","type":"product","link":"https:\/\/www.nesacompressors.com\/tr\/urun\/azot-booster-kompresor\/","title":{"rendered":"Y\u00fcksek Bas\u0131n\u00e7l\u0131 Azot Booster Kompres\u00f6r"},"content":{"rendered":"<div class=\"wpdt-c row wpDataTableContainerSimpleTable wpDataTables wpDataTablesWrapper wdtVerticalScroll\"\n    >\n        <table id=\"wpdtSimpleTable-1\"\n           style=\"border-collapse:collapse;                   border-spacing:0px;\"\n           class=\"wpdtSimpleTable wpDataTable\"\n           data-column=\"10\"\n           data-rows=\"5\"\n           data-wpid=\"1\"\n           data-responsive=\"0\"\n           data-has-header=\"1\">\n\n                    <thead>        <tr class=\"wpdt-cell-row\" >\n                                <th class=\"wpdt-cell\"\n                                            data-cell-id=\"A1\"\n                    data-col-index=\"0\"\n                    data-row-index=\"0\"\n                    style=\" width:9.6618357487923%;                    padding:10px;                    \"\n                    >\n                                        Model                    <\/th>\n                                                <th class=\"wpdt-cell\"\n                                            data-cell-id=\"B1\"\n                    data-col-index=\"1\"\n                    data-row-index=\"0\"\n                    style=\" width:9.6618357487923%;                    padding:10px;                    \"\n                    >\n                                        Kapasite                    <\/th>\n                                                <th class=\"wpdt-cell  wpdt-merged-cell\"\n                     colspan=\"2\"  rowspan=\"1\"                     data-cell-id=\"C1\"\n                    data-col-index=\"2\"\n                    data-row-index=\"0\"\n                    style=\" width:19.323671497585%;                    padding:10px;                    \"\n                    >\n                                        Giri\u015f Bas\u0131nc\u0131                    <\/th>\n                                                            <th class=\"wpdt-cell  wpdt-merged-cell\"\n                     colspan=\"2\"  rowspan=\"1\"                     data-cell-id=\"E1\"\n                    data-col-index=\"4\"\n                    data-row-index=\"0\"\n                    style=\" width:19.323671497585%;                    padding:10px;                    \"\n                    >\n                                        \u00c7\u0131k\u0131\u015f Bas\u0131nc\u0131                    <\/th>\n                                                            <th class=\"wpdt-cell\"\n                                            data-cell-id=\"G1\"\n                    data-col-index=\"6\"\n                    data-row-index=\"0\"\n                    style=\" width:9.6618357487923%;                    padding:10px;                    \"\n                    >\n                                        A\u015famalar                    <\/th>\n                                                <th class=\"wpdt-cell  wpdt-merged-cell\"\n                     colspan=\"2\"  rowspan=\"1\"                     data-cell-id=\"H1\"\n                    data-col-index=\"7\"\n                    data-row-index=\"0\"\n                    style=\" width:19.323671497585%;                    padding:10px;                    \"\n                    >\n                                        G\u00fc\u00e7                    <\/th>\n                                                            <th class=\"wpdt-cell\"\n                                            data-cell-id=\"J1\"\n                    data-col-index=\"9\"\n                    data-row-index=\"0\"\n                    style=\" width:13.04347826087%;                    padding:10px;                    \"\n                    >\n                                        Boyutlar                    <\/th>\n                                        <\/tr>\n                    <tbody>        <tr class=\"wpdt-cell-row\" >\n                                <td class=\"wpdt-cell  wpdt-empty-cell\"\n                                            data-cell-id=\"A2\"\n                    data-col-index=\"0\"\n                    data-row-index=\"1\"\n                    style=\"                    padding:10px;                    \"\n                    >\n                                                            <\/td>\n                                                <td class=\"wpdt-cell\"\n                                            data-cell-id=\"B2\"\n                    data-col-index=\"1\"\n                    data-row-index=\"1\"\n                    style=\"                    padding:10px;                    \"\n                    >\n                                        Nm3\/h                    <\/td>\n                                                <td class=\"wpdt-cell\"\n                                            data-cell-id=\"C2\"\n                    data-col-index=\"2\"\n                    data-row-index=\"1\"\n                    style=\"                    padding:10px;                    \"\n                    >\n                                        PS\u0130                    <\/td>\n                                                <td class=\"wpdt-cell\"\n                                            data-cell-id=\"D2\"\n                    data-col-index=\"3\"\n                    data-row-index=\"1\"\n                    style=\"                    padding:10px;                    \"\n                    >\n                                        bar                    <\/td>\n                                                <td class=\"wpdt-cell\"\n                                            data-cell-id=\"E2\"\n                    data-col-index=\"4\"\n                    data-row-index=\"1\"\n                    style=\"                    padding:10px;                    \"\n                    >\n                                        PS\u0130                    <\/td>\n                                                <td class=\"wpdt-cell\"\n                                            data-cell-id=\"F2\"\n                    data-col-index=\"5\"\n                    data-row-index=\"1\"\n                    style=\"                    padding:10px;                    \"\n                    >\n                                        bar                    <\/td>\n                                                <td class=\"wpdt-cell  wpdt-empty-cell\"\n                                            data-cell-id=\"G2\"\n                    data-col-index=\"6\"\n                    data-row-index=\"1\"\n                    style=\"                    padding:10px;                    \"\n                    >\n                                                            <\/td>\n                                                <td class=\"wpdt-cell\"\n                                            data-cell-id=\"H2\"\n                    data-col-index=\"7\"\n                    data-row-index=\"1\"\n                    style=\"                    padding:10px;                    \"\n                    >\n                                        kW                    <\/td>\n                                                <td class=\"wpdt-cell\"\n                                            data-cell-id=\"I2\"\n                    data-col-index=\"8\"\n                    data-row-index=\"1\"\n                    style=\"                    padding:10px;                    \"\n                    >\n                                        HP                    <\/td>\n                                                <td class=\"wpdt-cell\"\n                                            data-cell-id=\"J2\"\n                    data-col-index=\"9\"\n                    data-row-index=\"1\"\n                    style=\"                    padding:10px;                    \"\n                    >\n                                        mm                    <\/td>\n                                        <\/tr>\n                            <tr class=\"wpdt-cell-row\" >\n                                <td class=\"wpdt-cell\"\n                                            data-cell-id=\"A3\"\n                    data-col-index=\"0\"\n                    data-row-index=\"2\"\n                    style=\"                    padding:10px;                    \"\n                    >\n                                        NBC15                    <\/td>\n                                                <td class=\"wpdt-cell\"\n                                            data-cell-id=\"B3\"\n                    data-col-index=\"1\"\n                    data-row-index=\"2\"\n                    style=\"                    padding:10px;                    \"\n                    >\n                                        15                    <\/td>\n                                                <td class=\"wpdt-cell\"\n                                            data-cell-id=\"C3\"\n                    data-col-index=\"2\"\n                    data-row-index=\"2\"\n                    style=\"                    padding:10px;                    \"\n                    >\n                                        55                    <\/td>\n                                                <td class=\"wpdt-cell\"\n                                            data-cell-id=\"D3\"\n                    data-col-index=\"3\"\n                    data-row-index=\"2\"\n                    style=\"                    padding:10px;                    \"\n                    >\n                                        4                    <\/td>\n                                                <td class=\"wpdt-cell\"\n                                            data-cell-id=\"E3\"\n                    data-col-index=\"4\"\n                    data-row-index=\"2\"\n                    style=\"                    padding:10px;                    \"\n                    >\n                                        2200                    <\/td>\n                                                <td class=\"wpdt-cell\"\n                                            data-cell-id=\"F3\"\n                    data-col-index=\"5\"\n                    data-row-index=\"2\"\n                    style=\"                    padding:10px;                    \"\n                    >\n                                        150                    <\/td>\n                                                <td class=\"wpdt-cell\"\n                                            data-cell-id=\"G3\"\n                    data-col-index=\"6\"\n                    data-row-index=\"2\"\n                    style=\"                    padding:10px;                    \"\n                    >\n                                        3                    <\/td>\n                                                <td class=\"wpdt-cell\"\n                                            data-cell-id=\"H3\"\n                    data-col-index=\"7\"\n                    data-row-index=\"2\"\n                    style=\"                    padding:10px;                    \"\n                    >\n                                        4                    <\/td>\n                                                <td class=\"wpdt-cell\"\n                                            data-cell-id=\"I3\"\n                    data-col-index=\"8\"\n                    data-row-index=\"2\"\n                    style=\"                    padding:10px;                    \"\n                    >\n                                        3                    <\/td>\n                                                <td class=\"wpdt-cell\"\n                                            data-cell-id=\"J3\"\n                    data-col-index=\"9\"\n                    data-row-index=\"2\"\n                    style=\"                    padding:10px;                    \"\n                    >\n                                        900x950x1150                    <\/td>\n                                        <\/tr>\n                            <tr class=\"wpdt-cell-row\" >\n                                <td class=\"wpdt-cell\"\n                                            data-cell-id=\"A4\"\n                    data-col-index=\"0\"\n                    data-row-index=\"3\"\n                    style=\"                    padding:10px;                    \"\n                    >\n                                        NBC30                    <\/td>\n                                                <td class=\"wpdt-cell\"\n                                            data-cell-id=\"B4\"\n                    data-col-index=\"1\"\n                    data-row-index=\"3\"\n                    style=\"                    padding:10px;                    \"\n                    >\n                                        30                    <\/td>\n                                                <td class=\"wpdt-cell\"\n                                            data-cell-id=\"C4\"\n                    data-col-index=\"2\"\n                    data-row-index=\"3\"\n                    style=\"                    padding:10px;                    \"\n                    >\n                                        55                    <\/td>\n                                                <td class=\"wpdt-cell\"\n                                            data-cell-id=\"D4\"\n                    data-col-index=\"3\"\n                    data-row-index=\"3\"\n                    style=\"                    padding:10px;                    \"\n                    >\n                                        4                    <\/td>\n                                                <td class=\"wpdt-cell\"\n                                            data-cell-id=\"E4\"\n                    data-col-index=\"4\"\n                    data-row-index=\"3\"\n                    style=\"                    padding:10px;                    \"\n                    >\n                                        2200                    <\/td>\n                                                <td class=\"wpdt-cell\"\n                                            data-cell-id=\"F4\"\n                    data-col-index=\"5\"\n                    data-row-index=\"3\"\n                    style=\"                    padding:10px;                    \"\n                    >\n                                        150                    <\/td>\n                                                <td class=\"wpdt-cell\"\n                                            data-cell-id=\"G4\"\n                    data-col-index=\"6\"\n                    data-row-index=\"3\"\n                    style=\"                    padding:10px;                    \"\n                    >\n                                        4                    <\/td>\n                                                <td class=\"wpdt-cell\"\n                                            data-cell-id=\"H4\"\n                    data-col-index=\"7\"\n                    data-row-index=\"3\"\n                    style=\"                    padding:10px;                    \"\n                    >\n                                        15                    <\/td>\n                                                <td class=\"wpdt-cell\"\n                                            data-cell-id=\"I4\"\n                    data-col-index=\"8\"\n                    data-row-index=\"3\"\n                    style=\"                    padding:10px;                    \"\n                    >\n                                        11.25                    <\/td>\n                                                <td class=\"wpdt-cell\"\n                                            data-cell-id=\"J4\"\n                    data-col-index=\"9\"\n                    data-row-index=\"3\"\n                    style=\"                    padding:10px;                    \"\n                    >\n                                        1100x1500x1300                    <\/td>\n                                        <\/tr>\n                            <tr class=\"wpdt-cell-row\" >\n                                <td class=\"wpdt-cell\"\n                                            data-cell-id=\"A5\"\n                    data-col-index=\"0\"\n                    data-row-index=\"4\"\n                    style=\"                    padding:10px;                    \"\n                    >\n                                        NBC60                    <\/td>\n                                                <td class=\"wpdt-cell\"\n                                            data-cell-id=\"B5\"\n                    data-col-index=\"1\"\n                    data-row-index=\"4\"\n                    style=\"                    padding:10px;                    \"\n                    >\n                                        60                    <\/td>\n                                                <td class=\"wpdt-cell\"\n                                            data-cell-id=\"C5\"\n                    data-col-index=\"2\"\n                    data-row-index=\"4\"\n                    style=\"                    padding:10px;                    \"\n                    >\n                                        55                    <\/td>\n                                                <td class=\"wpdt-cell\"\n                                            data-cell-id=\"D5\"\n                    data-col-index=\"3\"\n                    data-row-index=\"4\"\n                    style=\"                    padding:10px;                    \"\n                    >\n                                        4                    <\/td>\n                                                <td class=\"wpdt-cell\"\n                                            data-cell-id=\"E5\"\n                    data-col-index=\"4\"\n                    data-row-index=\"4\"\n                    style=\"                    padding:10px;                    \"\n                    >\n                                        2200                    <\/td>\n                                                <td class=\"wpdt-cell\"\n                                            data-cell-id=\"F5\"\n                    data-col-index=\"5\"\n                    data-row-index=\"4\"\n                    style=\"                    padding:10px;                    \"\n                    >\n                                        150                    <\/td>\n                                                <td class=\"wpdt-cell\"\n                                            data-cell-id=\"G5\"\n                    data-col-index=\"6\"\n                    data-row-index=\"4\"\n                    style=\"                    padding:10px;                    \"\n                    >\n                                        4                    <\/td>\n                                                <td class=\"wpdt-cell\"\n                                            data-cell-id=\"H5\"\n                    data-col-index=\"7\"\n                    data-row-index=\"4\"\n                    style=\"                    padding:10px;                    \"\n                    >\n                                        18.5                    <\/td>\n                                                <td class=\"wpdt-cell\"\n                                            data-cell-id=\"I5\"\n                    data-col-index=\"8\"\n                    data-row-index=\"4\"\n                    style=\"                    padding:10px;                    \"\n                    >\n                                        13.875                    <\/td>\n                                                <td class=\"wpdt-cell\"\n                                            data-cell-id=\"J5\"\n                    data-col-index=\"9\"\n                    data-row-index=\"4\"\n                    style=\"                    padding:10px;                    \"\n                    >\n                                        1200x1600x1300                    <\/td>\n                                        <\/tr>\n                    <\/table>\n<\/div><style id='wpdt-custom-style-1'>\n.wpDataTables.wpDataTablesWrapper.wdtVerticalScroll  { overflow-y:auto; height:200px; }\n.wpDataTableContainerSimpleTable .wdt-res-wrapper.active  {overflow: initial; max-height:200px !important; }\n<\/style>\n\n<p>Ayr\u0131nt\u0131l\u0131 bilgi almak i\u00e7in bizimle ileti\u015fime ge\u00e7iniz.<\/p>","protected":false},"excerpt":{"rendered":"<p><strong>Azot Booster Kompres\u00f6r<\/strong><\/p>\n<p>\u2981 ISO 9001 &amp; CE Sertifikal\u0131<br \/>\n\u2981 G\u00fcvenli Kullan\u0131m<br \/>\n\u2981 Ya\u011fs\u0131z \u00c7al\u0131\u015fma<br \/>\n\u2981 Y\u00fcksek Safl\u0131ktaki Azot ile \u00c7al\u0131\u015f\u0131r<br \/>\n\u2981 H\u0131zl\u0131 Teslimat<br \/>\n\u2981 Uygun Fiyat<br \/>\n\u2981 G\u00fc\u00e7l\u00fc Sat\u0131\u015f Sonras\u0131 Destek<\/p>\n<p><strong>Teknik \u00d6zellikler<\/strong><\/p>\n<p><strong>\u00d6ne \u00c7\u0131kan \u00d6zellikler<\/strong><br \/>\n\u2981 Kuru gazlarda 3,300 PSI (230 barg) bas\u0131nca kadar temiz ve g\u00fcvenli bas\u0131n\u00e7land\u0131rma,<br \/>\n\u2981 Y\u00fcksek bas\u0131n\u00e7l\u0131 azot gaz\u0131na uygun<br \/>\n\u2981 Tek etkili, \u00fc\u00e7 kademeli paslanmaz \u00e7elik pistonlu kompakt tasar\u0131m<br \/>\n\u2981 Gaz\u0131n temas etti\u011fi b\u00fct\u00fcn par\u00e7alar paslanmaz \u00e7elik<br \/>\n\u2981 Y\u00fcksek s\u0131cakl\u0131klarda otomatik durma<br \/>\n\u2981 Bas\u0131n\u00e7 ayarl\u0131 otomatik \u00e7al\u0131\u015fma kontrol\u00fc<br \/>\n\u2981 Zaman sayac\u0131<br \/>\n\u2981 Ya\u011fs\u0131z krank mili mekanizmas\u0131<br \/>\n\u2981 Her kademede emniyet tahliye valfleri<\/p>\n<p><strong>\u00d6ne \u00c7\u0131kan Avantajlar<\/strong><\/p>\n<p>\u2981 Ya\u011fs\u0131z<br \/>\n\u2981 Y\u00fcksek g\u00fcvenilirlik<br \/>\n\u2981 S\u00fcrekli \u00e7al\u0131\u015fma<br \/>\n\u2981 Otomatik ba\u015flama ve durma<br \/>\n\u2981 Kompakt, hafif ve bak\u0131m\u0131 kolay,<br \/>\n\u2981 Uzun \u00f6m\u00fcrl\u00fc<\/p>","protected":false},"featured_media":345,"comment_status":"open","ping_status":"closed","template":"","meta":[],"product_cat":[26],"product_tag":[431,432,454,453,437,433,455,438,441,446,447,448,449,450,442,444,443,440,445,439,435,434,436],"class_list":["post-238","product","type-product","status-publish","has-post-thumbnail","hentry","product_cat-azot-booster-kompresor-2","product_tag-150-bar-oksijen-booster","product_tag-207-bar-oksijen-booster","product_tag-azot-booster","product_tag-azot-kompresoru","product_tag-endustriyel-oksijen-kompresoru","product_tag-enerji-verimli-oksijen-booster","product_tag-lazer-kesim-azot","product_tag-medikal-oksijen-kompresoru","product_tag-oksijen-artirma-teknolojisi","product_tag-oksijen-dolum-istasyonu","product_tag-oksijen-gazi-arttirma-sistemi","product_tag-oksijen-gazi-basinclandirma","product_tag-oksijen-gazi-pompasi","product_tag-oksijen-gazi-temini","product_tag-oksijen-siseleme-kompresoru","product_tag-oksijen-sikistirma-cozumleri","product_tag-oksijen-sikistirma-ekipmani","product_tag-oksijen-takviye-kompresoru","product_tag-satilik-oksijen-kompresoru","product_tag-yagsiz-oksijen-kompresoru","product_tag-yuksek-basincli-gaz-ekipmanlari","product_tag-yuksek-basincli-gaz-kompresoru","product_tag-yuksek-basincli-oksijen-kompresoru"],"_links":{"self":[{"href":"https:\/\/www.nesacompressors.com\/tr\/wp-json\/wp\/v2\/product\/238","targetHints":{"allow":["GET"]}}],"collection":[{"href":"https:\/\/www.nesacompressors.com\/tr\/wp-json\/wp\/v2\/product"}],"about":[{"href":"https:\/\/www.nesacompressors.com\/tr\/wp-json\/wp\/v2\/types\/product"}],"replies":[{"embeddable":true,"href":"https:\/\/www.nesacompressors.com\/tr\/wp-json\/wp\/v2\/comments?post=238"}],"wp:featuredmedia":[{"embeddable":true,"href":"https:\/\/www.nesacompressors.com\/tr\/wp-json\/wp\/v2\/media\/345"}],"wp:attachment":[{"href":"https:\/\/www.nesacompressors.com\/tr\/wp-json\/wp\/v2\/media?parent=238"}],"wp:term":[{"taxonomy":"product_cat","embeddable":true,"href":"https:\/\/www.nesacompressors.com\/tr\/wp-json\/wp\/v2\/product_cat?post=238"},{"taxonomy":"product_tag","embeddable":true,"href":"https:\/\/www.nesacompressors.com\/tr\/wp-json\/wp\/v2\/product_tag?post=238"}],"curies":[{"name":"wp","href":"https:\/\/api.w.org\/{rel}","templated":true}]}}