{"id":91,"date":"2022-12-16T10:49:36","date_gmt":"2022-12-16T07:49:36","guid":{"rendered":"https:\/\/nesacompressors.com\/?page_id=91"},"modified":"2023-03-01T13:28:40","modified_gmt":"2023-03-01T10:28:40","slug":"medikal","status":"publish","type":"page","link":"https:\/\/www.nesacompressors.com\/tr\/medikal\/","title":{"rendered":"MED\u0130KAL"},"content":{"rendered":"<div class=\"wp-block-columns is-layout-flex wp-container-core-columns-is-layout-9d6595d7 wp-block-columns-is-layout-flex\">\n<div class=\"wp-block-column is-layout-flow wp-block-column-is-layout-flow\">\n<p>Tasarlad\u0131\u011f\u0131m\u0131z ve \u00fcretti\u011fimiz kompres\u00f6rler medikal sekt\u00f6r\u00fcnde firmalar\u0131n kendine \u00f6zg\u00fc performans ihtiya\u00e7lar\u0131n\u0131 ve beklentilerini kar\u015f\u0131lamak \u00fczere geni\u015f bir \u00fcr\u00fcn yelpazesi sunmakta ve m\u00fc\u015fterilerinin gereksinimlerine odaklanarak onlar i\u00e7in en verimli ve ekonomik \u00e7\u00f6z\u00fcmleri sa\u011flamakt\u0131r.<\/p>\n<\/div>\n\n\n\n<div class=\"wp-block-column is-layout-flow wp-block-column-is-layout-flow\">\n<figure class=\"wp-block-image size-large\"><img loading=\"lazy\" decoding=\"async\" width=\"1024\" height=\"681\" src=\"https:\/\/nesacompressors.com\/wp-content\/uploads\/2022\/12\/Medikal-1024x681.jpg\" alt=\"\" class=\"wp-image-158\" srcset=\"https:\/\/www.nesacompressors.com\/wp-content\/uploads\/2022\/12\/Medikal-1024x681.jpg 1024w, https:\/\/www.nesacompressors.com\/wp-content\/uploads\/2022\/12\/Medikal-600x399.jpg 600w, https:\/\/www.nesacompressors.com\/wp-content\/uploads\/2022\/12\/Medikal-300x200.jpg 300w, https:\/\/www.nesacompressors.com\/wp-content\/uploads\/2022\/12\/Medikal-768x511.jpg 768w, https:\/\/www.nesacompressors.com\/wp-content\/uploads\/2022\/12\/Medikal-1536x1022.jpg 1536w, https:\/\/www.nesacompressors.com\/wp-content\/uploads\/2022\/12\/Medikal-2048x1362.jpg 2048w\" sizes=\"auto, (max-width: 1024px) 100vw, 1024px\" \/><\/figure>\n<\/div>\n<\/div>","protected":false},"excerpt":{"rendered":"<p>Tasarlad\u0131\u011f\u0131m\u0131z ve \u00fcretti\u011fimiz kompres\u00f6rler medikal sekt\u00f6r\u00fcnde firmalar\u0131n kendine \u00f6zg\u00fc performans ihtiya\u00e7lar\u0131n\u0131 ve beklentilerini kar\u015f\u0131lamak \u00fczere geni\u015f bir \u00fcr\u00fcn yelpazesi sunmakta ve m\u00fc\u015fterilerinin gereksinimlerine odaklanarak onlar i\u00e7in en verimli ve ekonomik \u00e7\u00f6z\u00fcmleri sa\u011flamakt\u0131r.<\/p>","protected":false},"author":2,"featured_media":0,"parent":0,"menu_order":0,"comment_status":"closed","ping_status":"closed","template":"","meta":{"footnotes":""},"class_list":["post-91","page","type-page","status-publish","hentry"],"_links":{"self":[{"href":"https:\/\/www.nesacompressors.com\/tr\/wp-json\/wp\/v2\/pages\/91","targetHints":{"allow":["GET"]}}],"collection":[{"href":"https:\/\/www.nesacompressors.com\/tr\/wp-json\/wp\/v2\/pages"}],"about":[{"href":"https:\/\/www.nesacompressors.com\/tr\/wp-json\/wp\/v2\/types\/page"}],"author":[{"embeddable":true,"href":"https:\/\/www.nesacompressors.com\/tr\/wp-json\/wp\/v2\/users\/2"}],"replies":[{"embeddable":true,"href":"https:\/\/www.nesacompressors.com\/tr\/wp-json\/wp\/v2\/comments?post=91"}],"version-history":[{"count":6,"href":"https:\/\/www.nesacompressors.com\/tr\/wp-json\/wp\/v2\/pages\/91\/revisions"}],"predecessor-version":[{"id":350,"href":"https:\/\/www.nesacompressors.com\/tr\/wp-json\/wp\/v2\/pages\/91\/revisions\/350"}],"wp:attachment":[{"href":"https:\/\/www.nesacompressors.com\/tr\/wp-json\/wp\/v2\/media?parent=91"}],"curies":[{"name":"wp","href":"https:\/\/api.w.org\/{rel}","templated":true}]}}