{"id":79,"date":"2022-12-16T10:38:51","date_gmt":"2022-12-16T07:38:51","guid":{"rendered":"https:\/\/nesacompressors.com\/?page_id=79"},"modified":"2023-02-16T14:11:25","modified_gmt":"2023-02-16T11:11:25","slug":"sponsorluk","status":"publish","type":"page","link":"https:\/\/www.nesacompressors.com\/tr\/sponsorluk\/","title":{"rendered":"SPONSORLUK"},"content":{"rendered":"<p>Nesa Kompresor olarak, &#8220;Savunma Sanayi, Kompresor ve Uzay&#8221; alan\u0131nda ger\u00e7ekle\u015ftirilen yar\u0131\u015fmalara kat\u0131lmak isteyen iddial\u0131 tak\u0131mlar\u0131 ve T\u00fcrkiye&#8217;yi g\u00f6klere \u00e7\u0131karacak projeleri \u00f6zenle de\u011ferlendiriyor, sponsorluk ba\u015fvurusunu uygun bulmam\u0131z halinde ARGE ve sistem teknolojileri tecr\u00fcbemizle, projelerine y\u00f6nelik ihtiya\u00e7lar\u0131n\u0131 kar\u015f\u0131layacak \u015fekilde projenin ba\u015far\u0131l\u0131 olmas\u0131 i\u00e7in gereken sponsorluk deste\u011fi sa\u011fl\u0131yoruz.<\/p>","protected":false},"excerpt":{"rendered":"<p>Nesa Kompresor olarak, &#8220;Savunma Sanayi, Kompresor ve Uzay&#8221; alan\u0131nda ger\u00e7ekle\u015ftirilen yar\u0131\u015fmalara kat\u0131lmak isteyen iddial\u0131 tak\u0131mlar\u0131 ve T\u00fcrkiye&#8217;yi g\u00f6klere \u00e7\u0131karacak projeleri \u00f6zenle de\u011ferlendiriyor, sponsorluk ba\u015fvurusunu uygun bulmam\u0131z halinde ARGE ve sistem teknolojileri tecr\u00fcbemizle, projelerine y\u00f6nelik ihtiya\u00e7lar\u0131n\u0131 kar\u015f\u0131layacak \u015fekilde projenin ba\u015far\u0131l\u0131 olmas\u0131 i\u00e7in gereken sponsorluk deste\u011fi sa\u011fl\u0131yoruz.<\/p>","protected":false},"author":2,"featured_media":0,"parent":0,"menu_order":0,"comment_status":"closed","ping_status":"closed","template":"","meta":{"footnotes":""},"class_list":["post-79","page","type-page","status-publish","hentry"],"_links":{"self":[{"href":"https:\/\/www.nesacompressors.com\/tr\/wp-json\/wp\/v2\/pages\/79","targetHints":{"allow":["GET"]}}],"collection":[{"href":"https:\/\/www.nesacompressors.com\/tr\/wp-json\/wp\/v2\/pages"}],"about":[{"href":"https:\/\/www.nesacompressors.com\/tr\/wp-json\/wp\/v2\/types\/page"}],"author":[{"embeddable":true,"href":"https:\/\/www.nesacompressors.com\/tr\/wp-json\/wp\/v2\/users\/2"}],"replies":[{"embeddable":true,"href":"https:\/\/www.nesacompressors.com\/tr\/wp-json\/wp\/v2\/comments?post=79"}],"version-history":[{"count":3,"href":"https:\/\/www.nesacompressors.com\/tr\/wp-json\/wp\/v2\/pages\/79\/revisions"}],"predecessor-version":[{"id":300,"href":"https:\/\/www.nesacompressors.com\/tr\/wp-json\/wp\/v2\/pages\/79\/revisions\/300"}],"wp:attachment":[{"href":"https:\/\/www.nesacompressors.com\/tr\/wp-json\/wp\/v2\/media?parent=79"}],"curies":[{"name":"wp","href":"https:\/\/api.w.org\/{rel}","templated":true}]}}