{"id":363,"date":"2023-04-28T11:39:53","date_gmt":"2023-04-28T08:39:53","guid":{"rendered":"https:\/\/www.nesacompressors.com\/?page_id=363"},"modified":"2023-05-08T14:10:18","modified_gmt":"2023-05-08T11:10:18","slug":"dokumanlar","status":"publish","type":"page","link":"https:\/\/www.nesacompressors.com\/tr\/dokumanlar\/","title":{"rendered":"DOK\u00dcMANLAR"},"content":{"rendered":"<div class=\"sp_wpspwpost_static wpspw-design-1 wpspw-grid-3 wpspw-clearfix\">\r\n\r\n\t\t\t\r\n<div class=\"wpspw-post-grid wpspw-medium-4 wpspw-columns first\">\r\n\t<div class=\"wpspw-post-grid-content\">\r\n\r\n\t\t\t\t\t<div class=\"wpspw-post-image-bg\">\r\n\t\t\t\t<a href=\"https:\/\/www.nesacompressors.com\/tr\/saglik-sektorunde-basincli-oksijenin-hayat-kurtaran-rolu-covid-19\/\">\r\n\t\t\t\t\t<img decoding=\"async\" src=\"https:\/\/www.nesacompressors.com\/wp-content\/uploads\/2023\/10\/oxygen-1.jpg\" alt=\"Sa\u011fl\u0131k Sekt\u00f6r\u00fcnde Bas\u0131n\u00e7l\u0131 Oksijenin Hayat Kurtaran Rol\u00fc, COVID-19\" \/>\r\n\t\t\t\t<\/a>\r\n\t\t\t<\/div>\r\n\t\t\r\n\t\t<h2 class=\"wpspw-post-title\">\r\n\t\t\t<a href=\"https:\/\/www.nesacompressors.com\/tr\/saglik-sektorunde-basincli-oksijenin-hayat-kurtaran-rolu-covid-19\/\">Sa\u011fl\u0131k Sekt\u00f6r\u00fcnde Bas\u0131n\u00e7l\u0131 Oksijenin Hayat Kurtaran Rol\u00fc, COVID-19<\/a>\r\n\t\t<\/h2>\r\n\r\n\t\t\t\t\t<div class=\"wpspw-post-content\">\r\n\t\t\t\t\t\t\t\t\t<div>\r\n\t\t\t\t\t\tSa\u011fl\u0131k alan\u0131nda oksijen sadece bir madde de\u011fil, bir ya\u015fam hatt\u0131d\u0131r....\t\t\t\t\t<\/div>\r\n\t\t\t\t\t<a class=\"wpspw-readmorebtn\" href=\"https:\/\/www.nesacompressors.com\/tr\/saglik-sektorunde-basincli-oksijenin-hayat-kurtaran-rolu-covid-19\/\">Read More<\/a>\r\n\t\t\t\t\t\t\t<\/div>\r\n\t\t\t<\/div>\r\n<\/div>\r\n<div class=\"wpspw-post-grid wpspw-medium-4 wpspw-columns\">\r\n\t<div class=\"wpspw-post-grid-content\">\r\n\r\n\t\t\t\t\t<div class=\"wpspw-post-image-bg\">\r\n\t\t\t\t<a href=\"https:\/\/www.nesacompressors.com\/tr\/basincli-oksijen-ve-azotla-cam-isleme\/\">\r\n\t\t\t\t\t<img decoding=\"async\" src=\"https:\/\/www.nesacompressors.com\/wp-content\/uploads\/2023\/10\/glass-2.jpg\" alt=\"Bas\u0131n\u00e7l\u0131 Oksijen ve Azotla Cam \u0130\u015fleme\" \/>\r\n\t\t\t\t<\/a>\r\n\t\t\t<\/div>\r\n\t\t\r\n\t\t<h2 class=\"wpspw-post-title\">\r\n\t\t\t<a href=\"https:\/\/www.nesacompressors.com\/tr\/basincli-oksijen-ve-azotla-cam-isleme\/\">Bas\u0131n\u00e7l\u0131 Oksijen ve Azotla Cam \u0130\u015fleme<\/a>\r\n\t\t<\/h2>\r\n\r\n\t\t\t\t\t<div class=\"wpspw-post-content\">\r\n\t\t\t\t\t\t\t\t\t<div>\r\n\t\t\t\t\t\tCam, \u00e7ok \u00e7e\u015fitli uygulamalarda kullan\u0131lan \u00e7ok y\u00f6nl\u00fc bir malzemedir ve...\t\t\t\t\t<\/div>\r\n\t\t\t\t\t<a class=\"wpspw-readmorebtn\" href=\"https:\/\/www.nesacompressors.com\/tr\/basincli-oksijen-ve-azotla-cam-isleme\/\">Read More<\/a>\r\n\t\t\t\t\t\t\t<\/div>\r\n\t\t\t\t\t<div class=\"wpswp-post-tags\">Tags: <a href=\"https:\/\/www.nesacompressors.com\/tr\/tag\/expomed-eurasia\/\" rel=\"tag\">expomed eurasia<\/a>, <a href=\"https:\/\/www.nesacompressors.com\/tr\/tag\/nesa-compressors\/\" rel=\"tag\">nesa compressors<\/a>, <a href=\"https:\/\/www.nesacompressors.com\/tr\/tag\/oil-free-booster-compressor-tr\/\" rel=\"tag\">oil free booster compressor<\/a>, <a href=\"https:\/\/www.nesacompressors.com\/tr\/tag\/oil-free-compressor\/\" rel=\"tag\">oil free compressor<\/a>, <a href=\"https:\/\/www.nesacompressors.com\/tr\/tag\/oksijen-booster\/\" rel=\"tag\">oksijen booster<\/a>, <a href=\"https:\/\/www.nesacompressors.com\/tr\/tag\/oksijen-jeneratoru\/\" rel=\"tag\">oksijen jenerat\u00f6r\u00fc<\/a>, <a href=\"https:\/\/www.nesacompressors.com\/tr\/tag\/oksijen-kompresru\/\" rel=\"tag\">oksijen kompresr\u00fc<\/a>, <a href=\"https:\/\/www.nesacompressors.com\/tr\/tag\/oxygen-booster\/\" rel=\"tag\">oxygen booster<\/a>, <a href=\"https:\/\/www.nesacompressors.com\/tr\/tag\/yangin-sondurme-sistemleri\/\" rel=\"tag\">Yang\u0131n S\u00f6nd\u00fcrme Sistemleri<\/a><\/div>\r\n\t\t\t<\/div>\r\n<\/div>\r\n<div class=\"wpspw-post-grid wpspw-medium-4 wpspw-columns\">\r\n\t<div class=\"wpspw-post-grid-content\">\r\n\r\n\t\t\t\t\t<div class=\"wpspw-post-image-bg\">\r\n\t\t\t\t<a href=\"https:\/\/www.nesacompressors.com\/tr\/su-urunleri-ciftliklerinde-basincli-oksijen-kullanmanin-avantajlari\/\">\r\n\t\t\t\t\t<img decoding=\"async\" src=\"https:\/\/www.nesacompressors.com\/wp-content\/uploads\/2023\/10\/fish-farms-oxygen1.jpg\" alt=\"Su \u00dcr\u00fcnleri \u00c7iftliklerinde Bas\u0131n\u00e7l\u0131 Oksijen Kullanman\u0131n Avantajlar\u0131\" \/>\r\n\t\t\t\t<\/a>\r\n\t\t\t<\/div>\r\n\t\t\r\n\t\t<h2 class=\"wpspw-post-title\">\r\n\t\t\t<a href=\"https:\/\/www.nesacompressors.com\/tr\/su-urunleri-ciftliklerinde-basincli-oksijen-kullanmanin-avantajlari\/\">Su \u00dcr\u00fcnleri \u00c7iftliklerinde Bas\u0131n\u00e7l\u0131 Oksijen Kullanman\u0131n Avantajlar\u0131<\/a>\r\n\t\t<\/h2>\r\n\r\n\t\t\t\t\t<div class=\"wpspw-post-content\">\r\n\t\t\t\t\t\t\t\t\t<div>\r\n\t\t\t\t\t\tSu \u00fcr\u00fcnleri \u00e7iftlikleri, d\u00fcnya genelinde g\u0131da \u00fcretiminin temel ta\u015flar\u0131ndan biri...\t\t\t\t\t<\/div>\r\n\t\t\t\t\t<a class=\"wpspw-readmorebtn\" href=\"https:\/\/www.nesacompressors.com\/tr\/su-urunleri-ciftliklerinde-basincli-oksijen-kullanmanin-avantajlari\/\">Read More<\/a>\r\n\t\t\t\t\t\t\t<\/div>\r\n\t\t\t\t\t<div class=\"wpswp-post-tags\">Tags: <a href=\"https:\/\/www.nesacompressors.com\/tr\/tag\/expomed-eurasia\/\" rel=\"tag\">expomed eurasia<\/a>, <a href=\"https:\/\/www.nesacompressors.com\/tr\/tag\/gas-compressors\/\" rel=\"tag\">gas compressors<\/a>, <a href=\"https:\/\/www.nesacompressors.com\/tr\/tag\/nesa-compressors\/\" rel=\"tag\">nesa compressors<\/a>, <a href=\"https:\/\/www.nesacompressors.com\/tr\/tag\/oil-free-booster-compressor-tr\/\" rel=\"tag\">oil free booster compressor<\/a>, <a href=\"https:\/\/www.nesacompressors.com\/tr\/tag\/oil-free-compressor\/\" rel=\"tag\">oil free compressor<\/a>, <a href=\"https:\/\/www.nesacompressors.com\/tr\/tag\/oksijen-booster\/\" rel=\"tag\">oksijen booster<\/a>, <a href=\"https:\/\/www.nesacompressors.com\/tr\/tag\/oksijen-jeneratoru\/\" rel=\"tag\">oksijen jenerat\u00f6r\u00fc<\/a>, <a href=\"https:\/\/www.nesacompressors.com\/tr\/tag\/oksijen-kompresru\/\" rel=\"tag\">oksijen kompresr\u00fc<\/a>, <a href=\"https:\/\/www.nesacompressors.com\/tr\/tag\/oxygen-booster\/\" rel=\"tag\">oxygen booster<\/a>, <a href=\"https:\/\/www.nesacompressors.com\/tr\/tag\/yangin-sondurme-sistemleri\/\" rel=\"tag\">Yang\u0131n S\u00f6nd\u00fcrme Sistemleri<\/a><\/div>\r\n\t\t\t<\/div>\r\n<\/div>\r\n<div class=\"wpspw-post-grid wpspw-medium-4 wpspw-columns first\">\r\n\t<div class=\"wpspw-post-grid-content\">\r\n\r\n\t\t\t\t\t<div class=\"wpspw-post-image-bg\">\r\n\t\t\t\t<a href=\"https:\/\/www.nesacompressors.com\/tr\/gemi-icin-basincli-kuru-havanin-kullaniminin-faydalari\/\">\r\n\t\t\t\t\t<img decoding=\"async\" src=\"https:\/\/www.nesacompressors.com\/wp-content\/uploads\/2023\/09\/ship-dry-air-1-scaled.webp\" alt=\"Gemi \u0130\u00e7in Bas\u0131n\u00e7l\u0131 Kuru Havan\u0131n Kullan\u0131m\u0131n\u0131n Faydalar\u0131\" \/>\r\n\t\t\t\t<\/a>\r\n\t\t\t<\/div>\r\n\t\t\r\n\t\t<h2 class=\"wpspw-post-title\">\r\n\t\t\t<a href=\"https:\/\/www.nesacompressors.com\/tr\/gemi-icin-basincli-kuru-havanin-kullaniminin-faydalari\/\">Gemi \u0130\u00e7in Bas\u0131n\u00e7l\u0131 Kuru Havan\u0131n Kullan\u0131m\u0131n\u0131n Faydalar\u0131<\/a>\r\n\t\t<\/h2>\r\n\r\n\t\t\t\t\t<div class=\"wpspw-post-content\">\r\n\t\t\t\t\t\t\t\t\t<div>\r\n\t\t\t\t\t\tDenizcilik end\u00fcstrisinde, gemi \u00fczerindeki sistemlerin ve ekipman\u0131n g\u00fcvenilirli\u011fi ve g\u00fcvenli\u011fi...\t\t\t\t\t<\/div>\r\n\t\t\t\t\t<a class=\"wpspw-readmorebtn\" href=\"https:\/\/www.nesacompressors.com\/tr\/gemi-icin-basincli-kuru-havanin-kullaniminin-faydalari\/\">Read More<\/a>\r\n\t\t\t\t\t\t\t<\/div>\r\n\t\t\t\t\t<div class=\"wpswp-post-tags\">Tags: <a href=\"https:\/\/www.nesacompressors.com\/tr\/tag\/basincli-kuru-hava\/\" rel=\"tag\">Bas\u0131n\u00e7l\u0131 Kuru Hava<\/a>, <a href=\"https:\/\/www.nesacompressors.com\/tr\/tag\/dengeleme-tanklari\/\" rel=\"tag\">Dengeleme Tanklar\u0131<\/a>, <a href=\"https:\/\/www.nesacompressors.com\/tr\/tag\/enstrumantasyon-ve-kontrol\/\" rel=\"tag\">Enstr\u00fcmantasyon ve Kontrol<\/a>, <a href=\"https:\/\/www.nesacompressors.com\/tr\/tag\/gemi-ici-uygulamalar\/\" rel=\"tag\">Gemi \u0130\u00e7i Uygulamalar<\/a>, <a href=\"https:\/\/www.nesacompressors.com\/tr\/tag\/guvenlik-ekipmanlari\/\" rel=\"tag\">G\u00fcvenlik Ekipmanlar\u0131<\/a>, <a href=\"https:\/\/www.nesacompressors.com\/tr\/tag\/pnomatik-sistemler\/\" rel=\"tag\">Pn\u00f6matik Sistemler<\/a>, <a href=\"https:\/\/www.nesacompressors.com\/tr\/tag\/yangin-sondurme-sistemleri\/\" rel=\"tag\">Yang\u0131n S\u00f6nd\u00fcrme Sistemleri<\/a><\/div>\r\n\t\t\t<\/div>\r\n<\/div>\r\n<div class=\"wpspw-post-grid wpspw-medium-4 wpspw-columns\">\r\n\t<div class=\"wpspw-post-grid-content\">\r\n\r\n\t\t\t\t\t<div class=\"wpspw-post-image-bg\">\r\n\t\t\t\t<a href=\"https:\/\/www.nesacompressors.com\/tr\/gemilerde-basincli-azotun-kullanilmasi\/\">\r\n\t\t\t\t\t<img decoding=\"async\" src=\"https:\/\/www.nesacompressors.com\/wp-content\/uploads\/2023\/09\/nitrogen-for-ships.jpeg\" alt=\"Gemilerde Bas\u0131n\u00e7l\u0131 Azotun Kullan\u0131lmas\u0131\" \/>\r\n\t\t\t\t<\/a>\r\n\t\t\t<\/div>\r\n\t\t\r\n\t\t<h2 class=\"wpspw-post-title\">\r\n\t\t\t<a href=\"https:\/\/www.nesacompressors.com\/tr\/gemilerde-basincli-azotun-kullanilmasi\/\">Gemilerde Bas\u0131n\u00e7l\u0131 Azotun Kullan\u0131lmas\u0131<\/a>\r\n\t\t<\/h2>\r\n\r\n\t\t\t\t\t<div class=\"wpspw-post-content\">\r\n\t\t\t\t\t\t\t\t\t<div>\r\n\t\t\t\t\t\tDeniz ta\u015f\u0131mac\u0131l\u0131\u011f\u0131 d\u00fcnyas\u0131nda, bas\u0131n\u00e7l\u0131 azotun rol\u00fc son y\u0131llarda \u00f6nemli \u00f6l\u00e7\u00fcde...\t\t\t\t\t<\/div>\r\n\t\t\t\t\t<a class=\"wpspw-readmorebtn\" href=\"https:\/\/www.nesacompressors.com\/tr\/gemilerde-basincli-azotun-kullanilmasi\/\">Read More<\/a>\r\n\t\t\t\t\t\t\t<\/div>\r\n\t\t\t\t\t<div class=\"wpswp-post-tags\">Tags: <a href=\"https:\/\/www.nesacompressors.com\/tr\/tag\/basincli-azot\/\" rel=\"tag\">Bas\u0131n\u00e7l\u0131 Azot<\/a>, <a href=\"https:\/\/www.nesacompressors.com\/tr\/tag\/can-kurtarma-araci-lastik-dolumu\/\" rel=\"tag\">Can Kurtarma Arac\u0131 Lastik Dolumu<\/a>, <a href=\"https:\/\/www.nesacompressors.com\/tr\/tag\/gemi-uzeri-uygulamalar\/\" rel=\"tag\">Gemi \u00dczeri Uygulamalar<\/a>, <a href=\"https:\/\/www.nesacompressors.com\/tr\/tag\/inert-gaz-sistemleri\/\" rel=\"tag\">\u0130nert Gaz Sistemleri<\/a>, <a href=\"https:\/\/www.nesacompressors.com\/tr\/tag\/yangin-sondurme-sistemleri\/\" rel=\"tag\">Yang\u0131n S\u00f6nd\u00fcrme Sistemleri<\/a><\/div>\r\n\t\t\t<\/div>\r\n<\/div>\r\n<div class=\"wpspw-post-grid wpspw-medium-4 wpspw-columns\">\r\n\t<div class=\"wpspw-post-grid-content\">\r\n\r\n\t\t\t\t\t<div class=\"wpspw-post-image-bg\">\r\n\t\t\t\t<a href=\"https:\/\/www.nesacompressors.com\/tr\/metal-kesme-ve-kaynakta-basincli-oksijenin-onemi\/\">\r\n\t\t\t\t\t<img decoding=\"async\" src=\"https:\/\/www.nesacompressors.com\/wp-content\/uploads\/2023\/09\/oxygen-for-laser-2.jpeg\" alt=\"Metal Kesme ve Kaynakta Bas\u0131n\u00e7l\u0131 Oksijenin \u00d6nemi\" \/>\r\n\t\t\t\t<\/a>\r\n\t\t\t<\/div>\r\n\t\t\r\n\t\t<h2 class=\"wpspw-post-title\">\r\n\t\t\t<a href=\"https:\/\/www.nesacompressors.com\/tr\/metal-kesme-ve-kaynakta-basincli-oksijenin-onemi\/\">Metal Kesme ve Kaynakta Bas\u0131n\u00e7l\u0131 Oksijenin \u00d6nemi<\/a>\r\n\t\t<\/h2>\r\n\r\n\t\t\t\t\t<div class=\"wpspw-post-content\">\r\n\t\t\t\t\t\t\t\t\t<div>\r\n\t\t\t\t\t\tMetal i\u015fleme ve \u00fcretim d\u00fcnyas\u0131nda, hassasiyet ve verimlilik en \u00f6nemli...\t\t\t\t\t<\/div>\r\n\t\t\t\t\t<a class=\"wpspw-readmorebtn\" href=\"https:\/\/www.nesacompressors.com\/tr\/metal-kesme-ve-kaynakta-basincli-oksijenin-onemi\/\">Read More<\/a>\r\n\t\t\t\t\t\t\t<\/div>\r\n\t\t\t\t\t<div class=\"wpswp-post-tags\">Tags: <a href=\"https:\/\/www.nesacompressors.com\/tr\/tag\/expomed-eurasia\/\" rel=\"tag\">expomed eurasia<\/a>, <a href=\"https:\/\/www.nesacompressors.com\/tr\/tag\/gas-compressors\/\" rel=\"tag\">gas compressors<\/a>, <a href=\"https:\/\/www.nesacompressors.com\/tr\/tag\/nesa-compressors\/\" rel=\"tag\">nesa compressors<\/a>, <a href=\"https:\/\/www.nesacompressors.com\/tr\/tag\/oil-free-compressor\/\" rel=\"tag\">oil free compressor<\/a>, <a href=\"https:\/\/www.nesacompressors.com\/tr\/tag\/oksijen-booster\/\" rel=\"tag\">oksijen booster<\/a>, <a href=\"https:\/\/www.nesacompressors.com\/tr\/tag\/oksijen-jeneratoru\/\" rel=\"tag\">oksijen jenerat\u00f6r\u00fc<\/a>, <a href=\"https:\/\/www.nesacompressors.com\/tr\/tag\/oksijen-kompresru\/\" rel=\"tag\">oksijen kompresr\u00fc<\/a>, <a href=\"https:\/\/www.nesacompressors.com\/tr\/tag\/oxygen-booster\/\" rel=\"tag\">oxygen booster<\/a><\/div>\r\n\t\t\t<\/div>\r\n<\/div>\r\n<div class=\"wpspw-post-grid wpspw-medium-4 wpspw-columns first\">\r\n\t<div class=\"wpspw-post-grid-content\">\r\n\r\n\t\t\t\t\t<div class=\"wpspw-post-image-bg\">\r\n\t\t\t\t<a href=\"https:\/\/www.nesacompressors.com\/tr\/madencilikte-basincli-oksijenin-hayati-rolu\/\">\r\n\t\t\t\t\t<img decoding=\"async\" src=\"https:\/\/www.nesacompressors.com\/wp-content\/uploads\/2023\/09\/Oxygen-in-Mining.jpeg\" alt=\"Madencilikte Bas\u0131n\u00e7l\u0131 Oksijenin Hayati Rol\u00fc\" \/>\r\n\t\t\t\t<\/a>\r\n\t\t\t<\/div>\r\n\t\t\r\n\t\t<h2 class=\"wpspw-post-title\">\r\n\t\t\t<a href=\"https:\/\/www.nesacompressors.com\/tr\/madencilikte-basincli-oksijenin-hayati-rolu\/\">Madencilikte Bas\u0131n\u00e7l\u0131 Oksijenin Hayati Rol\u00fc<\/a>\r\n\t\t<\/h2>\r\n\r\n\t\t\t\t\t<div class=\"wpspw-post-content\">\r\n\t\t\t\t\t\t\t\t\t<div>\r\n\t\t\t\t\t\tMadencilik, y\u00fczy\u0131llard\u0131r insan medeniyetinin ayr\u0131lmaz bir par\u00e7as\u0131 olmu\u015f, end\u00fcstrilerimizi ve...\t\t\t\t\t<\/div>\r\n\t\t\t\t\t<a class=\"wpspw-readmorebtn\" href=\"https:\/\/www.nesacompressors.com\/tr\/madencilikte-basincli-oksijenin-hayati-rolu\/\">Read More<\/a>\r\n\t\t\t\t\t\t\t<\/div>\r\n\t\t\t\t\t<div class=\"wpswp-post-tags\">Tags: <a href=\"https:\/\/www.nesacompressors.com\/tr\/tag\/oksijen-booster\/\" rel=\"tag\">oksijen booster<\/a>, <a href=\"https:\/\/www.nesacompressors.com\/tr\/tag\/oksijen-jeneratoru\/\" rel=\"tag\">oksijen jenerat\u00f6r\u00fc<\/a>, <a href=\"https:\/\/www.nesacompressors.com\/tr\/tag\/oksijen-kompresru\/\" rel=\"tag\">oksijen kompresr\u00fc<\/a>, <a href=\"https:\/\/www.nesacompressors.com\/tr\/tag\/oksijen-ve-madencilik\/\" rel=\"tag\">oksijen ve madencilik<\/a><\/div>\r\n\t\t\t<\/div>\r\n<\/div>\r\n<div class=\"wpspw-post-grid wpspw-medium-4 wpspw-columns\">\r\n\t<div class=\"wpspw-post-grid-content\">\r\n\r\n\t\t\t\t\t<div class=\"wpspw-post-image-bg\">\r\n\t\t\t\t<a href=\"https:\/\/www.nesacompressors.com\/tr\/merhaba-dunya\/\">\r\n\t\t\t\t\t<img decoding=\"async\" src=\"https:\/\/www.nesacompressors.com\/wp-content\/uploads\/2022\/11\/quality-control1.jpg\" alt=\"ENTEGRASYON VE TEST \u0130\u015eLEMLERI NED\u0130R?\" \/>\r\n\t\t\t\t<\/a>\r\n\t\t\t<\/div>\r\n\t\t\r\n\t\t<h2 class=\"wpspw-post-title\">\r\n\t\t\t<a href=\"https:\/\/www.nesacompressors.com\/tr\/merhaba-dunya\/\">ENTEGRASYON VE TEST \u0130\u015eLEMLERI NED\u0130R?<\/a>\r\n\t\t<\/h2>\r\n\r\n\t\t\t\t\t<div class=\"wpspw-post-content\">\r\n\t\t\t\t\t\t\t\t\t<div>\r\n\t\t\t\t\t\tEntegrasyon s\u00fcre\u00e7lerimiz y\u00fcksek kalitede ve y\u00fcksek nitelikli sistemleri zaman\u0131nda \u00fcretmek...\t\t\t\t\t<\/div>\r\n\t\t\t\t\t<a class=\"wpspw-readmorebtn\" href=\"https:\/\/www.nesacompressors.com\/tr\/merhaba-dunya\/\">Read More<\/a>\r\n\t\t\t\t\t\t\t<\/div>\r\n\t\t\t\t\t<div class=\"wpswp-post-tags\">Tags: <a href=\"https:\/\/www.nesacompressors.com\/tr\/tag\/nesa-compressor-tr\/\" rel=\"tag\">nesa compressor<\/a>, <a href=\"https:\/\/www.nesacompressors.com\/tr\/tag\/oil-free-booster-compressor-tr\/\" rel=\"tag\">oil free booster compressor<\/a>, <a href=\"https:\/\/www.nesacompressors.com\/tr\/tag\/oil-free-compressor\/\" rel=\"tag\">oil free compressor<\/a>, <a href=\"https:\/\/www.nesacompressors.com\/tr\/tag\/oil-free-gas-compressors-tr\/\" rel=\"tag\">oil free gas compressors<\/a>, <a href=\"https:\/\/www.nesacompressors.com\/tr\/tag\/oxygen-booster\/\" rel=\"tag\">oxygen booster<\/a>, <a href=\"https:\/\/www.nesacompressors.com\/tr\/tag\/oxygen-booster-compressors-tr\/\" rel=\"tag\">oxygen booster compressors<\/a>, <a href=\"https:\/\/www.nesacompressors.com\/tr\/tag\/oxygen-mining-tr\/\" rel=\"tag\">oxygen mining<\/a><\/div>\r\n\t\t\t<\/div>\r\n<\/div>\r\n\t\t\t\t\t<\/div>","protected":false},"excerpt":{"rendered":"","protected":false},"author":2,"featured_media":0,"parent":0,"menu_order":0,"comment_status":"closed","ping_status":"closed","template":"","meta":{"footnotes":""},"class_list":["post-363","page","type-page","status-publish","hentry"],"_links":{"self":[{"href":"https:\/\/www.nesacompressors.com\/tr\/wp-json\/wp\/v2\/pages\/363","targetHints":{"allow":["GET"]}}],"collection":[{"href":"https:\/\/www.nesacompressors.com\/tr\/wp-json\/wp\/v2\/pages"}],"about":[{"href":"https:\/\/www.nesacompressors.com\/tr\/wp-json\/wp\/v2\/types\/page"}],"author":[{"embeddable":true,"href":"https:\/\/www.nesacompressors.com\/tr\/wp-json\/wp\/v2\/users\/2"}],"replies":[{"embeddable":true,"href":"https:\/\/www.nesacompressors.com\/tr\/wp-json\/wp\/v2\/comments?post=363"}],"version-history":[{"count":2,"href":"https:\/\/www.nesacompressors.com\/tr\/wp-json\/wp\/v2\/pages\/363\/revisions"}],"predecessor-version":[{"id":366,"href":"https:\/\/www.nesacompressors.com\/tr\/wp-json\/wp\/v2\/pages\/363\/revisions\/366"}],"wp:attachment":[{"href":"https:\/\/www.nesacompressors.com\/tr\/wp-json\/wp\/v2\/media?parent=363"}],"curies":[{"name":"wp","href":"https:\/\/api.w.org\/{rel}","templated":true}]}}